{"id":49,"date":"2026-03-25T13:32:23","date_gmt":"2026-03-25T13:32:23","guid":{"rendered":"https:\/\/atelia-arch.eu\/?page_id=49"},"modified":"2026-03-31T07:00:32","modified_gmt":"2026-03-31T07:00:32","slug":"accueil","status":"publish","type":"page","link":"https:\/\/atelia-arch.eu\/accueil\/","title":{"rendered":"Accueil"},"content":{"rendered":"\n<h2 class=\"wp-block-heading has-text-align-center has-x-large-font-size\">Site en cours de construction<\/h2>\n\n\n\n<p class=\"has-text-align-center\">Fond\u00e9 en 1995, At\u00e9lia Architects est un bureau d\u2019architecture \u00e9tabli en Belgique et au Grand-Duch\u00e9 de Luxembourg, \u00e9galement actif \u00e0 l\u2019international.<\/p>\n\n\n\n<figure class=\"wp-block-image aligncenter size-large is-resized\"><img loading=\"lazy\" decoding=\"async\" width=\"1024\" height=\"507\" src=\"https:\/\/atelia-arch.eu\/wp-content\/uploads\/2026\/03\/Atelia_Logo_Couleurs-1-1024x507.jpg\" alt=\"\" class=\"wp-image-39\" style=\"aspect-ratio:2.0197867934657565;width:274px;height:auto\" srcset=\"https:\/\/atelia-arch.eu\/wp-content\/uploads\/2026\/03\/Atelia_Logo_Couleurs-1-980x485.jpg 980w, https:\/\/atelia-arch.eu\/wp-content\/uploads\/2026\/03\/Atelia_Logo_Couleurs-1-480x238.jpg 480w\" sizes=\"(min-width: 0px) and (max-width: 480px) 480px, (min-width: 481px) and (max-width: 980px) 980px, (min-width: 981px) 1024px, 100vw\" \/><\/figure>\n\n\n\n<div class=\"wp-block-group is-layout-constrained wp-block-group-is-layout-constrained\">\n<figure class=\"wp-block-image aligncenter size-large\"><img loading=\"lazy\" decoding=\"async\" width=\"1024\" height=\"645\" src=\"https:\/\/atelia-arch.eu\/wp-content\/uploads\/2026\/03\/Atelia_Photo_Equipe-1-1024x645.jpg\" alt=\"\" class=\"wp-image-41\" srcset=\"https:\/\/atelia-arch.eu\/wp-content\/uploads\/2026\/03\/Atelia_Photo_Equipe-1-980x617.jpg 980w, https:\/\/atelia-arch.eu\/wp-content\/uploads\/2026\/03\/Atelia_Photo_Equipe-1-480x302.jpg 480w\" sizes=\"(min-width: 0px) and (max-width: 480px) 480px, (min-width: 481px) and (max-width: 980px) 980px, (min-width: 981px) 1024px, 100vw\" \/><\/figure>\n<\/div>\n\n\n\n<p class=\"has-text-align-center\">Ga\u00ebtan Van Hove &#8211; Thierry Gilles &#8211; Xia Chen<\/p>\n\n\n\n<p><\/p>\n\n\n\n<p><\/p>\n\n\n\n<h2 class=\"wp-block-heading has-large-font-size\">Nos projets<\/h2>\n\n\n\n<figure class=\"wp-block-gallery has-nested-images columns-default is-cropped wp-block-gallery-1 is-layout-flex wp-block-gallery-is-layout-flex\">\n<figure class=\"wp-block-image size-large\"><img loading=\"lazy\" decoding=\"async\" width=\"1024\" height=\"572\" data-id=\"18\" src=\"https:\/\/atelia-arch.eu\/wp-content\/uploads\/2026\/03\/hotton-01-1024x572.png\" alt=\"\" class=\"wp-image-18\" srcset=\"https:\/\/atelia-arch.eu\/wp-content\/uploads\/2026\/03\/hotton-01-980x547.png 980w, https:\/\/atelia-arch.eu\/wp-content\/uploads\/2026\/03\/hotton-01-480x268.png 480w\" sizes=\"(min-width: 0px) and (max-width: 480px) 480px, (min-width: 481px) and (max-width: 980px) 980px, (min-width: 981px) 1024px, 100vw\" \/><\/figure>\n\n\n\n<figure class=\"wp-block-image size-large\"><img loading=\"lazy\" decoding=\"async\" width=\"1024\" height=\"572\" data-id=\"52\" src=\"https:\/\/atelia-arch.eu\/wp-content\/uploads\/2026\/03\/hotton-03-1024x572.png\" alt=\"\" class=\"wp-image-52\" srcset=\"https:\/\/atelia-arch.eu\/wp-content\/uploads\/2026\/03\/hotton-03-980x547.png 980w, https:\/\/atelia-arch.eu\/wp-content\/uploads\/2026\/03\/hotton-03-480x268.png 480w\" sizes=\"(min-width: 0px) and (max-width: 480px) 480px, (min-width: 481px) and (max-width: 980px) 980px, (min-width: 981px) 1024px, 100vw\" \/><\/figure>\n\n\n\n<figure class=\"wp-block-image size-large\"><img loading=\"lazy\" decoding=\"async\" width=\"1024\" height=\"572\" data-id=\"16\" src=\"https:\/\/atelia-arch.eu\/wp-content\/uploads\/2026\/03\/KOTS-01-1024x572.png\" alt=\"\" class=\"wp-image-16\" srcset=\"https:\/\/atelia-arch.eu\/wp-content\/uploads\/2026\/03\/KOTS-01-980x547.png 980w, https:\/\/atelia-arch.eu\/wp-content\/uploads\/2026\/03\/KOTS-01-480x268.png 480w\" sizes=\"(min-width: 0px) and (max-width: 480px) 480px, (min-width: 481px) and (max-width: 980px) 980px, (min-width: 981px) 1024px, 100vw\" \/><\/figure>\n\n\n\n<figure class=\"wp-block-image size-large\"><img loading=\"lazy\" decoding=\"async\" width=\"1024\" height=\"576\" data-id=\"29\" src=\"https:\/\/atelia-arch.eu\/wp-content\/uploads\/2026\/03\/Emeis-2-2-1024x576.jpg\" alt=\"\" class=\"wp-image-29\" srcset=\"https:\/\/atelia-arch.eu\/wp-content\/uploads\/2026\/03\/Emeis-2-2-980x551.jpg 980w, https:\/\/atelia-arch.eu\/wp-content\/uploads\/2026\/03\/Emeis-2-2-480x270.jpg 480w\" sizes=\"(min-width: 0px) and (max-width: 480px) 480px, (min-width: 481px) and (max-width: 980px) 980px, (min-width: 981px) 1024px, 100vw\" \/><\/figure>\n\n\n\n<figure class=\"wp-block-image size-large\"><img loading=\"lazy\" decoding=\"async\" width=\"1024\" height=\"683\" data-id=\"13\" src=\"https:\/\/atelia-arch.eu\/wp-content\/uploads\/2026\/03\/Glain-4-mars-2026-14_37_20-1-1024x683.png\" alt=\"\" class=\"wp-image-13\" srcset=\"https:\/\/atelia-arch.eu\/wp-content\/uploads\/2026\/03\/Glain-4-mars-2026-14_37_20-1-980x653.png 980w, https:\/\/atelia-arch.eu\/wp-content\/uploads\/2026\/03\/Glain-4-mars-2026-14_37_20-1-480x320.png 480w\" sizes=\"(min-width: 0px) and (max-width: 480px) 480px, (min-width: 481px) and (max-width: 980px) 980px, (min-width: 981px) 1024px, 100vw\" \/><\/figure>\n<\/figure>\n\n\n\n<p><\/p>\n\n\n\n<p><\/p>\n\n\n\n<p><\/p>\n\n\n\n<p><\/p>\n\n\n\n<p><\/p>\n\n\n\n<h2 class=\"wp-block-heading has-large-font-size\">On parle de nous<\/h2>\n\n\n\n<p><\/p>\n\n\n\n<p><\/p>\n\n\n\n<div data-wp-interactive=\"core\/file\" class=\"wp-block-file\"><object data-wp-bind--hidden=\"!state.hasPdfPreview\" hidden class=\"wp-block-file__embed\" data=\"https:\/\/atelia-arch.eu\/wp-content\/uploads\/2026\/03\/Le-bureau-darchitectes-Atelia-ne-veut-plus-se-limiter-au-residentiel-La-Libre.pdf\" type=\"application\/pdf\" style=\"width:100%;height:600px\" aria-label=\"Contenu embarqu\u00e9 Le bureau d&apos;architectes At\u00e9lia ne veut plus se limiter au r\u00e9sidentiel - La Libre.\"><\/object><a id=\"wp-block-file--media-52dfd63d-02a7-4985-b306-7e239a6ee82f\" href=\"https:\/\/atelia-arch.eu\/wp-content\/uploads\/2026\/03\/Le-bureau-darchitectes-Atelia-ne-veut-plus-se-limiter-au-residentiel-La-Libre.pdf\">Le bureau d&rsquo;architectes At\u00e9lia ne veut plus se limiter au r\u00e9sidentiel &#8211; La Libre<\/a><a href=\"https:\/\/atelia-arch.eu\/wp-content\/uploads\/2026\/03\/Le-bureau-darchitectes-Atelia-ne-veut-plus-se-limiter-au-residentiel-La-Libre.pdf\" class=\"wp-block-file__button wp-element-button\" download aria-describedby=\"wp-block-file--media-52dfd63d-02a7-4985-b306-7e239a6ee82f\">T\u00e9l\u00e9charger<\/a><\/div>\n\n\n\n<h2 class=\"wp-block-heading has-large-font-size\">Nous contacter<\/h2>\n\n\n\n<figure style=\"text-transform:uppercase\" class=\"wp-block-table has-small-font-size\"><table class=\"has-fixed-layout\"><tbody><tr><td><strong>Pixel Park<\/strong><br>Chauss\u00e9e de Marche 598<br>5101 Erpent<br>Info@atelia-arch.eu<br>+32 81 32 31 70<\/td><td><strong>R\u00e9sidence Bouton d&rsquo;Or IV<\/strong><br>Rue Ermesinde 6B<br>L-8416 Steinfort<br>info@atelia-arch.eu<br>+352 263 100 601<\/td><\/tr><\/tbody><\/table><\/figure>\n\n\n\n<p><\/p>\n","protected":false},"excerpt":{"rendered":"<p>Site en cours de construction Fond\u00e9 en 1995, At\u00e9lia Architects est un bureau d\u2019architecture \u00e9tabli en Belgique et au Grand-Duch\u00e9 de Luxembourg, \u00e9galement actif \u00e0 l\u2019international. Ga\u00ebtan Van Hove &#8211; Thierry Gilles &#8211; Xia Chen Nos projets On parle de nous Nous contacter Pixel ParkChauss\u00e9e de Marche 5985101 ErpentInfo@atelia-arch.eu+32 81 32 31 70 R\u00e9sidence Bouton [&hellip;]<\/p>\n","protected":false},"author":1,"featured_media":39,"parent":0,"menu_order":0,"comment_status":"closed","ping_status":"closed","template":"page-template-blank.php","meta":{"_et_pb_use_builder":"off","_et_pb_old_content":"<!-- wp:heading -->\n<h2 class=\"wp-block-heading\">Site en cours de construction<\/h2>\n<!-- \/wp:heading -->\n\n<!-- wp:paragraph -->\n<p><strong class=\"privacy-policy-tutorial\">Suggested text: <\/strong>Our website address is: https:\/\/atelia-arch.eu.<\/p>\n<!-- \/wp:paragraph -->\n\n<!-- wp:image {\"id\":39,\"width\":\"274px\",\"height\":\"auto\",\"aspectRatio\":\"2.0197867934657565\",\"sizeSlug\":\"large\",\"linkDestination\":\"none\",\"align\":\"center\"} -->\n<figure class=\"wp-block-image aligncenter size-large is-resized\"><img src=\"https:\/\/atelia-arch.eu\/wp-content\/uploads\/2026\/03\/Atelia_Logo_Couleurs-1-1024x507.jpg\" alt=\"\" class=\"wp-image-39\" style=\"aspect-ratio:2.0197867934657565;width:274px;height:auto\"\/><\/figure>\n<!-- \/wp:image -->\n\n<!-- wp:image {\"id\":41,\"sizeSlug\":\"large\",\"linkDestination\":\"none\",\"align\":\"center\"} -->\n<figure class=\"wp-block-image aligncenter size-large\"><img src=\"https:\/\/atelia-arch.eu\/wp-content\/uploads\/2026\/03\/Atelia_Photo_Equipe-1-1024x645.jpg\" alt=\"\" class=\"wp-image-41\"\/><\/figure>\n<!-- \/wp:image -->\n\n<!-- wp:paragraph -->\n<p><\/p>\n<!-- \/wp:paragraph -->\n\n<!-- wp:paragraph -->\n<p><\/p>\n<!-- \/wp:paragraph -->\n\n<!-- wp:heading -->\n<h2 class=\"wp-block-heading\">Nos projets<\/h2>\n<!-- \/wp:heading -->\n\n<!-- wp:gallery {\"linkTo\":\"none\"} -->\n<figure class=\"wp-block-gallery has-nested-images columns-default is-cropped\"><!-- wp:image {\"id\":18,\"sizeSlug\":\"large\",\"linkDestination\":\"none\"} -->\n<figure class=\"wp-block-image size-large\"><img src=\"https:\/\/atelia-arch.eu\/wp-content\/uploads\/2026\/03\/hotton-01-1024x572.png\" alt=\"\" class=\"wp-image-18\"\/><\/figure>\n<!-- \/wp:image -->\n\n<!-- wp:image {\"id\":52,\"sizeSlug\":\"large\",\"linkDestination\":\"none\"} -->\n<figure class=\"wp-block-image size-large\"><img src=\"https:\/\/atelia-arch.eu\/wp-content\/uploads\/2026\/03\/hotton-03-1024x572.png\" alt=\"\" class=\"wp-image-52\"\/><\/figure>\n<!-- \/wp:image -->\n\n<!-- wp:image {\"id\":16,\"sizeSlug\":\"large\",\"linkDestination\":\"none\"} -->\n<figure class=\"wp-block-image size-large\"><img src=\"https:\/\/atelia-arch.eu\/wp-content\/uploads\/2026\/03\/KOTS-01-1024x572.png\" alt=\"\" class=\"wp-image-16\"\/><\/figure>\n<!-- \/wp:image -->\n\n<!-- wp:image {\"id\":29,\"sizeSlug\":\"large\",\"linkDestination\":\"none\"} -->\n<figure class=\"wp-block-image size-large\"><img src=\"https:\/\/atelia-arch.eu\/wp-content\/uploads\/2026\/03\/Emeis-2-2-1024x576.jpg\" alt=\"\" class=\"wp-image-29\"\/><\/figure>\n<!-- \/wp:image -->\n\n<!-- wp:image {\"id\":13,\"sizeSlug\":\"large\",\"linkDestination\":\"none\"} -->\n<figure class=\"wp-block-image size-large\"><img src=\"https:\/\/atelia-arch.eu\/wp-content\/uploads\/2026\/03\/Glain-4-mars-2026-14_37_20-1-1024x683.png\" alt=\"\" class=\"wp-image-13\"\/><\/figure>\n<!-- \/wp:image --><\/figure>\n<!-- \/wp:gallery -->\n\n<!-- wp:paragraph -->\n<p><\/p>\n<!-- \/wp:paragraph -->\n\n<!-- wp:paragraph -->\n<p><\/p>\n<!-- \/wp:paragraph -->\n\n<!-- wp:paragraph -->\n<p><\/p>\n<!-- \/wp:paragraph -->\n\n<!-- wp:heading -->\n<h2 class=\"wp-block-heading\">Nous contacter<\/h2>\n<!-- \/wp:heading -->\n\n<!-- wp:table {\"style\":{\"typography\":{\"textTransform\":\"uppercase\"}},\"fontSize\":\"small\"} -->\n<figure style=\"text-transform:uppercase\" class=\"wp-block-table has-small-font-size\"><table class=\"has-fixed-layout\"><tbody><tr><td><strong>Pixel Park<\/strong><br>Chauss\u00e9e de Marche 598<br>5101 Erpent<br>Info@atelia-arch.eu<br>+32 81 32 31 70<\/td><td><strong>R\u00e9sidence Bouton d'Or IV<\/strong><br>Rue Ermesinde 6B<br>L-8416 Steinfort<br>info@atelia-arch.eu<br>+352 263 100 601<\/td><\/tr><\/tbody><\/table><\/figure>\n<!-- \/wp:table -->","_et_gb_content_width":"1080","footnotes":""},"class_list":["post-49","page","type-page","status-publish","has-post-thumbnail","hentry"],"_links":{"self":[{"href":"https:\/\/atelia-arch.eu\/accueil\/wp-json\/wp\/v2\/pages\/49","targetHints":{"allow":["GET"]}}],"collection":[{"href":"https:\/\/atelia-arch.eu\/accueil\/wp-json\/wp\/v2\/pages"}],"about":[{"href":"https:\/\/atelia-arch.eu\/accueil\/wp-json\/wp\/v2\/types\/page"}],"author":[{"embeddable":true,"href":"https:\/\/atelia-arch.eu\/accueil\/wp-json\/wp\/v2\/users\/1"}],"replies":[{"embeddable":true,"href":"https:\/\/atelia-arch.eu\/accueil\/wp-json\/wp\/v2\/comments?post=49"}],"version-history":[{"count":19,"href":"https:\/\/atelia-arch.eu\/accueil\/wp-json\/wp\/v2\/pages\/49\/revisions"}],"predecessor-version":[{"id":78,"href":"https:\/\/atelia-arch.eu\/accueil\/wp-json\/wp\/v2\/pages\/49\/revisions\/78"}],"wp:featuredmedia":[{"embeddable":true,"href":"https:\/\/atelia-arch.eu\/accueil\/wp-json\/wp\/v2\/media\/39"}],"wp:attachment":[{"href":"https:\/\/atelia-arch.eu\/accueil\/wp-json\/wp\/v2\/media?parent=49"}],"curies":[{"name":"wp","href":"https:\/\/api.w.org\/{rel}","templated":true}]}}